{"id":8,"date":"2025-07-15T17:11:58","date_gmt":"2025-07-15T17:11:58","guid":{"rendered":"https:\/\/eflac.lat\/?page_id=8"},"modified":"2025-07-16T01:56:45","modified_gmt":"2025-07-16T01:56:45","slug":"eflac","status":"publish","type":"page","link":"https:\/\/eflac.lat\/","title":{"rendered":"EFLAC"},"content":{"rendered":"\t\t<div data-elementor-type=\"wp-page\" data-elementor-id=\"8\" class=\"elementor elementor-8\" data-elementor-post-type=\"page\">\n\t\t\t\t<div class=\"elementor-element elementor-element-7c3040e e-flex e-con-boxed e-con e-parent\" data-id=\"7c3040e\" data-element_type=\"container\" data-e-type=\"container\" data-settings=\"{&quot;background_background&quot;:&quot;classic&quot;}\">\n\t\t\t\t\t<div class=\"e-con-inner\">\n\t\t<div class=\"elementor-element elementor-element-aa849e5 e-flex e-con-boxed e-con e-child\" data-id=\"aa849e5\" data-element_type=\"container\" data-e-type=\"container\">\n\t\t\t\t\t<div class=\"e-con-inner\">\n\t\t\t\t<div class=\"elementor-element elementor-element-840fff5 elementor-widget__width-initial elementor-widget elementor-widget-image\" data-id=\"840fff5\" data-element_type=\"widget\" data-e-type=\"widget\" data-widget_type=\"image.default\">\n\t\t\t\t\t\t\t\t\t\t\t\t\t\t\t<img fetchpriority=\"high\" decoding=\"async\" width=\"800\" height=\"270\" src=\"https:\/\/eflac.lat\/wp-content\/uploads\/2025\/07\/15-eflac-1024x346.png\" class=\"attachment-large size-large wp-image-20\" alt=\"\" srcset=\"https:\/\/eflac.lat\/wp-content\/uploads\/2025\/07\/15-eflac-1024x346.png 1024w, https:\/\/eflac.lat\/wp-content\/uploads\/2025\/07\/15-eflac-300x101.png 300w, https:\/\/eflac.lat\/wp-content\/uploads\/2025\/07\/15-eflac-768x259.png 768w, https:\/\/eflac.lat\/wp-content\/uploads\/2025\/07\/15-eflac.png 1200w\" sizes=\"(max-width: 800px) 100vw, 800px\" \/>\t\t\t\t\t\t\t\t\t\t\t\t\t\t\t<\/div>\n\t\t\t\t<div class=\"elementor-element elementor-element-a763d94 elementor-widget elementor-widget-heading\" data-id=\"a763d94\" data-element_type=\"widget\" data-e-type=\"widget\" data-widget_type=\"heading.default\">\n\t\t\t\t\t<h2 class=\"elementor-heading-title elementor-size-default\">\u00a1Declaratoria del<br>15 EFLAC El Salvador 2023!<\/h2>\t\t\t\t<\/div>\n\t\t\t\t<div class=\"elementor-element elementor-element-f75f965 elementor-widget elementor-widget-heading\" data-id=\"f75f965\" data-element_type=\"widget\" data-e-type=\"widget\" data-widget_type=\"heading.default\">\n\t\t\t\t\t<h2 class=\"elementor-heading-title elementor-size-default\">XV Encuentro Feminista de Latinoam\u00e9rica y el Caribe (15 EFLAC)<\/h2>\t\t\t\t<\/div>\n\t\t<div class=\"elementor-element elementor-element-69d2c4b e-con-full e-flex e-con e-child\" data-id=\"69d2c4b\" data-element_type=\"container\" data-e-type=\"container\">\n\t\t\t\t<div class=\"elementor-element elementor-element-276a355 elementor-widget elementor-widget-button\" data-id=\"276a355\" data-element_type=\"widget\" data-e-type=\"widget\" data-widget_type=\"button.default\">\n\t\t\t\t\t\t\t\t\t\t<a class=\"elementor-button elementor-button-link elementor-size-sm\" href=\"#\">\n\t\t\t\t\t\t<span class=\"elementor-button-content-wrapper\">\n\t\t\t\t\t\t\t\t\t<span class=\"elementor-button-text\">Leer Declaratoria<\/span>\n\t\t\t\t\t<\/span>\n\t\t\t\t\t<\/a>\n\t\t\t\t\t\t\t\t<\/div>\n\t\t\t\t<div class=\"elementor-element elementor-element-d6c53a4 elementor-widget elementor-widget-button\" data-id=\"d6c53a4\" data-element_type=\"widget\" data-e-type=\"widget\" data-widget_type=\"button.default\">\n\t\t\t\t\t\t\t\t\t\t<a class=\"elementor-button elementor-button-link elementor-size-sm\" href=\"#\">\n\t\t\t\t\t\t<span class=\"elementor-button-content-wrapper\">\n\t\t\t\t\t\t\t\t\t<span class=\"elementor-button-text\">Actividades Autoconvocadas<\/span>\n\t\t\t\t\t<\/span>\n\t\t\t\t\t<\/a>\n\t\t\t\t\t\t\t\t<\/div>\n\t\t\t\t<div class=\"elementor-element elementor-element-f5426d3 elementor-widget elementor-widget-button\" data-id=\"f5426d3\" data-element_type=\"widget\" data-e-type=\"widget\" data-widget_type=\"button.default\">\n\t\t\t\t\t\t\t\t\t\t<a class=\"elementor-button elementor-button-link elementor-size-sm\" href=\"#\">\n\t\t\t\t\t\t<span class=\"elementor-button-content-wrapper\">\n\t\t\t\t\t\t\t\t\t<span class=\"elementor-button-text\">Provocaciones Tem\u00e1ticas<\/span>\n\t\t\t\t\t<\/span>\n\t\t\t\t\t<\/a>\n\t\t\t\t\t\t\t\t<\/div>\n\t\t\t\t<\/div>\n\t\t\t\t\t<\/div>\n\t\t\t\t<\/div>\n\t\t\t\t\t<\/div>\n\t\t\t\t<\/div>\n\t\t<div class=\"elementor-element elementor-element-6086064 e-flex e-con-boxed e-con e-parent\" data-id=\"6086064\" data-element_type=\"container\" data-e-type=\"container\" data-settings=\"{&quot;background_background&quot;:&quot;classic&quot;}\">\n\t\t\t\t\t<div class=\"e-con-inner\">\n\t\t<div class=\"elementor-element elementor-element-f7e6195 e-con-full e-flex e-con e-child\" data-id=\"f7e6195\" data-element_type=\"container\" data-e-type=\"container\">\n\t\t<div class=\"elementor-element elementor-element-ffe7446 e-con-full e-flex e-con e-child\" data-id=\"ffe7446\" data-element_type=\"container\" data-e-type=\"container\">\n\t\t\t\t<div class=\"elementor-element elementor-element-9b0d581 elementor-view-framed elementor-shape-circle elementor-widget elementor-widget-icon\" data-id=\"9b0d581\" data-element_type=\"widget\" data-e-type=\"widget\" data-widget_type=\"icon.default\">\n\t\t\t\t\t\t\t<div class=\"elementor-icon-wrapper\">\n\t\t\t<div class=\"elementor-icon\">\n\t\t\t<svg aria-hidden=\"true\" class=\"e-font-icon-svg e-fas-star\" viewBox=\"0 0 576 512\" xmlns=\"http:\/\/www.w3.org\/2000\/svg\"><path d=\"M259.3 17.8L194 150.2 47.9 171.5c-26.2 3.8-36.7 36.1-17.7 54.6l105.7 103-25 145.5c-4.5 26.3 23.2 46 46.4 33.7L288 439.6l130.7 68.7c23.2 12.2 50.9-7.4 46.4-33.7l-25-145.5 105.7-103c19-18.5 8.5-50.8-17.7-54.6L382 150.2 316.7 17.8c-11.7-23.6-45.6-23.9-57.4 0z\"><\/path><\/svg>\t\t\t<\/div>\n\t\t<\/div>\n\t\t\t\t\t\t<\/div>\n\t\t\t\t<div class=\"elementor-element elementor-element-89f66f0 elementor-widget elementor-widget-heading\" data-id=\"89f66f0\" data-element_type=\"widget\" data-e-type=\"widget\" data-widget_type=\"heading.default\">\n\t\t\t\t\t<h2 class=\"elementor-heading-title elementor-size-default\">Declaratoria del 15 Encuentro Feminista Latinoamericano y del Caribe (EFLAC)\n<strong>Ante la crisis del tejido de la vida: \u00a1unidas, unides, resistiendo y avanzando!<\/strong><\/h2>\t\t\t\t<\/div>\n\t\t\t\t<div class=\"elementor-element elementor-element-e5ea500 elementor-widget elementor-widget-button\" data-id=\"e5ea500\" data-element_type=\"widget\" data-e-type=\"widget\" data-widget_type=\"button.default\">\n\t\t\t\t\t\t\t\t\t\t<a class=\"elementor-button elementor-button-link elementor-size-sm\" href=\"#\">\n\t\t\t\t\t\t<span class=\"elementor-button-content-wrapper\">\n\t\t\t\t\t\t\t\t\t<span class=\"elementor-button-text\">Dispon\u00edvel em portugues<\/span>\n\t\t\t\t\t<\/span>\n\t\t\t\t\t<\/a>\n\t\t\t\t\t\t\t\t<\/div>\n\t\t\t\t<div class=\"elementor-element elementor-element-810f68e elementor-widget elementor-widget-button\" data-id=\"810f68e\" data-element_type=\"widget\" data-e-type=\"widget\" data-widget_type=\"button.default\">\n\t\t\t\t\t\t\t\t\t\t<a class=\"elementor-button elementor-button-link elementor-size-sm\" href=\"#\">\n\t\t\t\t\t\t<span class=\"elementor-button-content-wrapper\">\n\t\t\t\t\t\t\t\t\t<span class=\"elementor-button-text\">Available in english<\/span>\n\t\t\t\t\t<\/span>\n\t\t\t\t\t<\/a>\n\t\t\t\t\t\t\t\t<\/div>\n\t\t\t\t<\/div>\n\t\t<div class=\"elementor-element elementor-element-5ad7820 e-con-full e-flex e-con e-child\" data-id=\"5ad7820\" data-element_type=\"container\" data-e-type=\"container\">\n\t\t\t\t<div class=\"elementor-element elementor-element-9ea14c0 elementor-widget elementor-widget-heading\" data-id=\"9ea14c0\" data-element_type=\"widget\" data-e-type=\"widget\" data-widget_type=\"heading.default\">\n\t\t\t\t\t<h2 class=\"elementor-heading-title elementor-size-default\">El Salvador, 24 de noviembre de 2023<\/h2>\t\t\t\t<\/div>\n\t\t\t\t<div class=\"elementor-element elementor-element-3a88346 elementor-widget elementor-widget-text-editor\" data-id=\"3a88346\" data-element_type=\"widget\" data-e-type=\"widget\" data-widget_type=\"text-editor.default\">\n\t\t\t\t\t\t\t\t\t<p><span class=\"p\">Las feministas de Am\u00e9rica Latina y el Caribe, reunidas y reunides en el 15 EFLAC, en El Salvador, Centroam\u00e9rica, <strong>nos hermanamos frente a la tiran\u00eda y los retrocesos democr\u00e1ticos.<\/strong> Durante dos d\u00edas nos encontramos en un espacio de redes y articulaci\u00f3n regional interseccional, intergeneracional e intercultural. Con el legado de las ancestras pusimos en palabras las tensiones que nos habitan y <strong>acordamos acciones para la soberan\u00eda sobre nuestros cuerpos y territorios mientras resistimos y proyectamos un mundo transfeminista.<\/strong><\/span><\/p><p><span class=\"p\">Somos latinoamericanas y caribe\u00f1as que reafirmamos el derecho al aborto libre, legal, seguro y gratuito como un derecho fundamental y una lucha emancipadora. Para ello, necesitamos avanzar en una estrategia de despenalizaci\u00f3n social, que junto al sostenimiento de la movilizaci\u00f3n popular logre generar una fuerza com\u00fan de solidaridad feminista. <strong>Exigimos que los Estados reconozcan el derecho a la justicia reproductiva<\/strong>, que garantice el derecho al aborto y a la maternidad, pues junto a la prohibici\u00f3n del aborto coexiste una mirada racista del derecho a gestar, parir y criar con dignidad, en particular a las mujeres negras, ind\u00edgenas y migrantes.<\/span><\/p><p><span class=\"p\">Luchamos por transformar los modelos pol\u00edticos econ\u00f3micos y la hegemon\u00eda capitalista y extractivista que sobreexplota la naturaleza, genera consumos desmedidos y produce la destrucci\u00f3n de la naturaleza, los territorios y los modos de vida, as\u00ed como la persecuci\u00f3n y expulsi\u00f3n de quienes resisten a los saqueos. <strong>\u00a1El modelo econ\u00f3mico debe poner el centro en la vida y no el dinero!<\/strong> Por ello, tenemos el desaf\u00edo de integrar nuestras miradas y de generar propuestas pensando en las m\u00e1s despojadas: precarizadas, trabajadoras del hogar o que laboran por fuera del sistema formal, cuidadoras, ni\u00f1as, adolescentes y j\u00f3venes, disidentes sexuales, mujeres de la tercera edad, trabajadoras sexuales y mujeres con discapacidad.<\/span><\/p>\t\t\t\t\t\t\t\t<\/div>\n\t\t\t\t<\/div>\n\t\t\t\t<\/div>\n\t\t\t\t\t<\/div>\n\t\t\t\t<\/div>\n\t\t<div class=\"elementor-element elementor-element-ed754a1 e-flex e-con-boxed e-con e-parent\" data-id=\"ed754a1\" data-element_type=\"container\" data-e-type=\"container\" data-settings=\"{&quot;background_background&quot;:&quot;classic&quot;}\">\n\t\t\t\t\t<div class=\"e-con-inner\">\n\t\t\t\t<div class=\"elementor-element elementor-element-99654c2 elementor-widget elementor-widget-text-editor\" data-id=\"99654c2\" data-element_type=\"widget\" data-e-type=\"widget\" data-widget_type=\"text-editor.default\">\n\t\t\t\t\t\t\t\t\t<p><span class=\"p\"><strong>En tiempos de crisis y procesos de restituci\u00f3n autoritaria las redes nos salvan la vida.<\/strong> Para ello, activamos la protecci\u00f3n integral feminista: para cuidar nuestros movimientos y honrar a personas y comunidades que nos protegen y lo seguir\u00e1n haciendo. Reconocer las violencias y las pol\u00edticas represivas nos duele y desgasta, debilita nuestras organizaciones y pone en riesgo nuestras luchas. Sin embargo, tenemos un saber hist\u00f3rico: redes comunitarias de protecci\u00f3n; procesos de sanaci\u00f3n ancestral; espacios de refugio y un largo etc\u00e9tera. Por eso, el EFLAC debe seguir siendo un espacio para honrar la memoria de quienes nos fueron arrebatadas y <strong>convocamos a que cada 29 de noviembre, \u201cD\u00eda Internacional de las Defensoras\u201d, alcemos la voz para denunciar estas violencias<\/strong> por el derecho a ejercer nuestra acci\u00f3n pol\u00edtica sin miedo. Nos comprometemos a poner el cuidado y la protecci\u00f3n en el centro de nuestra acci\u00f3n pol\u00edtica como una estrategia de supervivencia regional. Para lograrlo, debemos ser generosas y aprender unas de otras: de las que ya vivieron o est\u00e1n viviendo en dictaduras y conflictos armados y de las que hoy construyen formas creativas de cuidado mutuo.<\/span><\/p><p><span class=\"p\"><strong>El EFLAC es un pacto transfeminista para una vida libre de violencias; para vivir, desear y ser felices.<\/strong> Ante la crueldad patriarcal y las desigualdades hist\u00f3ricas que perpet\u00faan las violencias por razones de g\u00e9nero en nuestros territorios, <strong>que el 25 de noviembre pr\u00f3ximo sea el lanzamiento de una red regional que accione para exigir a los Estados la prevenci\u00f3n, sanci\u00f3n y erradicaci\u00f3n de la violencia contra las mujeres y disidencias.<\/strong> Adem\u00e1s, proponemos la ampliaci\u00f3n de la Iniciativa Mesoamericana de Defensoras a toda Am\u00e9rica Latina y el Caribe contra las violencias institucionales y pol\u00edticas.<\/span><\/p><p><span class=\"p\">Sobrevivimos a violencias estructurales, un sistema de crueldad patriarcal que busca invisibilizarnos, censurarnos, patologizarnos y hasta esterilizarnos. Somos personas trans, no binaries, g\u00e9nero fluidas, intersex, queer, lesbianas, bisexuales, pansexuales y ag\u00e9nero, mujeres discas, ind\u00edgenas, negras, mujeres viviendo con VIH, gordas, monstras, brujas y locas. Nos mueve la urgencia de entrelazar reflexiones de lo urbano a lo rural y <strong>de construir una apuesta pol\u00edtica que retome el sentipensar diverso ante la crisis del tejido de la vida.<\/strong><\/span><\/p><p><span class=\"p\">Nuestro movimiento habita debates, tensiones y fracturas. Por eso, desde El Salvador hacemos un llamado a todos los territorios y nos convocamos al di\u00e1logo interno como parte del proceso de articulaci\u00f3n que nos fortalece hacia un horizonte feminista. Tambi\u00e9n a centrar la discusi\u00f3n sobre objetivos, en un \u00abpara qu\u00e9\u00bb, por sobre el \u00abfeminismo para qui\u00e9n o qui\u00e9nes\u00bb. Para eso, <strong>nos motivamos a realizar encuentros o asambleas feministas locales de camino al pr\u00f3ximo EFLAC<\/strong>, usar metodolog\u00edas para propiciar discusiones m\u00e1s amplias, recuperar la memoria para contextualizar conflictos y convocar y participar de los pr\u00f3ximos 8M como huelgas feminista.<\/span><\/p><p><span class=\"p\"><strong>La interseccionalidad y la lucha antirracista es una pr\u00e1ctica feminista.<\/strong> Reconocer c\u00f3mo la estructura racista, patriarcal, clasista, capacitista, capitalista y hetero-cisnormativa afecta nuestros cuerpos y entender estas opresiones y resistencias como transversales en nuestros espacios y movimientos. Adem\u00e1s, proponemos hablar sobre nuestras libertades en asambleas decoloniales antirracistas, necesarias para que no haya una extracci\u00f3n de nuestras luchas, conocimientos y sentimientos.<\/span><\/p><p><span class=\"p\">Porque estamos seguras que desde los feminismos vamos a seguir denunciando las formas del poder opresivo. Porque reconocemos en nuestro hacer juntas, nuestras diversas identidades, formas y estrategias para un potencial transformador que contagie empat\u00eda, amor entre nosotres y esperanza a todos los pueblos de la regi\u00f3n. Tambi\u00e9n nos reconocemos en la diversidad de lenguajes y expresiones que nos habitan como artistas, comunicadoras y periodistas. Y en la necesidad de posicionar el arte, la cultura y la comunicaci\u00f3n feministas como ejes transformadores que acompa\u00f1an, inciden y que son parte de las luchas desde su posici\u00f3n de incomodar al sistema desde espacios que deben ser reconocidos y dignificados.<\/span><\/p><p><span class=\"p\">\u00a1Nuestra potencia es transformadora! A pesar de las restricciones a los derechos, las amenazas, persecuciones, la desinformaci\u00f3n y el odio hacia nuestras identidades, los feminismos nos seguimos organizando. A la crueldad, le anteponemos la historia y ahora que estamos juntas y juntes, \u00a1a no soltarnos compa\u00f1eras y compa\u00f1eres! La alegr\u00eda, la dignidad y la libertad son nuestras. \u00a1Hasta el pr\u00f3ximo EFLAC!<\/span><\/p><p><span class=\"p\"><strong>\u00a1Justicia para Beatriz!<br \/>Respeto al voto popular en Guatemala<br \/>Exigimos la no intervenci\u00f3n militarizaci\u00f3n en Hait\u00ed<br \/>Libertad para las presas pol\u00edticas en Nicaragua<br \/>Nos solidarizamos con las feministas en Argentina<br \/>\u00a1Queremos una Palestina libre!<\/strong><\/span><\/p>\t\t\t\t\t\t\t\t<\/div>\n\t\t\t\t\t<\/div>\n\t\t\t\t<\/div>\n\t\t<div class=\"elementor-element elementor-element-dc70c79 e-flex e-con-boxed e-con e-parent\" data-id=\"dc70c79\" data-element_type=\"container\" data-e-type=\"container\" data-settings=\"{&quot;background_background&quot;:&quot;classic&quot;}\">\n\t\t\t\t\t<div class=\"e-con-inner\">\n\t\t<div class=\"elementor-element elementor-element-777c095 e-flex e-con-boxed e-con e-child\" data-id=\"777c095\" data-element_type=\"container\" data-e-type=\"container\">\n\t\t\t\t\t<div class=\"e-con-inner\">\n\t\t\t\t<div class=\"elementor-element elementor-element-77919ca elementor-widget elementor-widget-heading\" data-id=\"77919ca\" data-element_type=\"widget\" data-e-type=\"widget\" data-widget_type=\"heading.default\">\n\t\t\t\t\t<h2 class=\"elementor-heading-title elementor-size-default\">Agenda EFLAC<\/h2>\t\t\t\t<\/div>\n\t\t\t\t<div class=\"elementor-element elementor-element-9df9ab4 elementor-widget elementor-widget-text-editor\" data-id=\"9df9ab4\" data-element_type=\"widget\" data-e-type=\"widget\" data-widget_type=\"text-editor.default\">\n\t\t\t\t\t\t\t\t\t<p>\u00a1S\u00famate y mueve el encuentro a las redes sociales! Etiqu\u00e9tanos en tus fotos y videos, menciona la cuentas del encuentro en Instagram, X y Facebook y usa los hashtags #15EFLAC, #AsambleasEFLAC # y #NoviembreFeminista en las redes sociales.<\/p><p><strong>\u00a1En las calles y en las redes el 15 EFLAC ya est\u00e1 sucediendo!<\/strong><\/p>\t\t\t\t\t\t\t\t<\/div>\n\t\t<div class=\"elementor-element elementor-element-3e4775c e-con-full e-flex e-con e-child\" data-id=\"3e4775c\" data-element_type=\"container\" data-e-type=\"container\" data-settings=\"{&quot;background_background&quot;:&quot;classic&quot;}\">\n\t\t\t\t<div class=\"elementor-element elementor-element-040cbe7 elementor-widget elementor-widget-heading\" data-id=\"040cbe7\" data-element_type=\"widget\" data-e-type=\"widget\" data-widget_type=\"heading.default\">\n\t\t\t\t\t<h2 class=\"elementor-heading-title elementor-size-default\">Noviembre 21\n\n<\/h2>\t\t\t\t<\/div>\n\t\t\t\t<div class=\"elementor-element elementor-element-f1881c4 elementor-widget elementor-widget-text-editor\" data-id=\"f1881c4\" data-element_type=\"widget\" data-e-type=\"widget\" data-widget_type=\"text-editor.default\">\n\t\t\t\t\t\t\t\t\t<p>Ingreso e inscripci\u00f3n de participantes internacionales e integrantes de comisiones.<\/p>\t\t\t\t\t\t\t\t<\/div>\n\t\t\t\t<\/div>\n\t\t<div class=\"elementor-element elementor-element-fda901e e-con-full e-flex e-con e-child\" data-id=\"fda901e\" data-element_type=\"container\" data-e-type=\"container\" data-settings=\"{&quot;background_background&quot;:&quot;classic&quot;}\">\n\t\t\t\t<div class=\"elementor-element elementor-element-91ae2ac elementor-widget elementor-widget-heading\" data-id=\"91ae2ac\" data-element_type=\"widget\" data-e-type=\"widget\" data-widget_type=\"heading.default\">\n\t\t\t\t\t<h2 class=\"elementor-heading-title elementor-size-default\">Noviembre 22 (D\u00eda 1)<\/h2>\t\t\t\t<\/div>\n\t\t\t\t<div class=\"elementor-element elementor-element-856a90e elementor-widget elementor-widget-text-editor\" data-id=\"856a90e\" data-element_type=\"widget\" data-e-type=\"widget\" data-widget_type=\"text-editor.default\">\n\t\t\t\t\t\t\t\t\t<p>DeHastaActividad8:00 a.m.3:00 p.m.Inscripci\u00f3n, alojamiento y pago3:30 p.m.4:00 p.m.Conferencia de prensa4:00 p.m.4:35 p.m.Inauguraci\u00f3n | Asamblea Inicial4:35 p.m.5:40 p.m.Las Reinas Chulas: Aparici\u00f3n de Santa Rita5:40 p.m.6:20 p.m.Concierto Na\u2019ik Madera6:30 p.m.8:00 p.m.Cena8:00 p.m.11:20 p.m.Cuerpos Libres10:00 p.m.12:00 a.m.DJ<\/p>\t\t\t\t\t\t\t\t<\/div>\n\t\t\t\t<\/div>\n\t\t\t\t\t<\/div>\n\t\t\t\t<\/div>\n\t\t\t\t\t<\/div>\n\t\t\t\t<\/div>\n\t\t<div class=\"elementor-element elementor-element-229c635 e-flex e-con-boxed e-con e-parent\" data-id=\"229c635\" data-element_type=\"container\" data-e-type=\"container\" data-settings=\"{&quot;background_background&quot;:&quot;classic&quot;}\">\n\t\t\t\t\t<div class=\"e-con-inner\">\n\t\t<div class=\"elementor-element elementor-element-43c097a e-con-full e-flex e-con e-child\" data-id=\"43c097a\" data-element_type=\"container\" data-e-type=\"container\">\n\t\t\t\t<div class=\"elementor-element elementor-element-2044bd1 elementor-widget__width-initial elementor-widget elementor-widget-image\" data-id=\"2044bd1\" data-element_type=\"widget\" data-e-type=\"widget\" data-widget_type=\"image.default\">\n\t\t\t\t\t\t\t\t\t\t\t\t\t\t\t<img fetchpriority=\"high\" decoding=\"async\" width=\"800\" height=\"270\" src=\"https:\/\/eflac.lat\/wp-content\/uploads\/2025\/07\/15-eflac-1024x346.png\" class=\"attachment-large size-large wp-image-20\" alt=\"\" srcset=\"https:\/\/eflac.lat\/wp-content\/uploads\/2025\/07\/15-eflac-1024x346.png 1024w, https:\/\/eflac.lat\/wp-content\/uploads\/2025\/07\/15-eflac-300x101.png 300w, https:\/\/eflac.lat\/wp-content\/uploads\/2025\/07\/15-eflac-768x259.png 768w, https:\/\/eflac.lat\/wp-content\/uploads\/2025\/07\/15-eflac.png 1200w\" sizes=\"(max-width: 800px) 100vw, 800px\" \/>\t\t\t\t\t\t\t\t\t\t\t\t\t\t\t<\/div>\n\t\t\t\t<div class=\"elementor-element elementor-element-cff0e6b elementor-shape-circle e-grid-align-left elementor-grid-0 elementor-widget elementor-widget-social-icons\" data-id=\"cff0e6b\" data-element_type=\"widget\" data-e-type=\"widget\" data-widget_type=\"social-icons.default\">\n\t\t\t\t\t\t\t<div class=\"elementor-social-icons-wrapper elementor-grid\" role=\"list\">\n\t\t\t\t\t\t\t<span class=\"elementor-grid-item\" role=\"listitem\">\n\t\t\t\t\t<a class=\"elementor-icon elementor-social-icon elementor-social-icon-facebook elementor-repeater-item-ff6930d\" href=\"https:\/\/www.facebook.com\/15EFLACSv\/?locale=es_LA\" target=\"_blank\">\n\t\t\t\t\t\t<span class=\"elementor-screen-only\">Facebook<\/span>\n\t\t\t\t\t\t<svg aria-hidden=\"true\" class=\"e-font-icon-svg e-fab-facebook\" viewBox=\"0 0 512 512\" xmlns=\"http:\/\/www.w3.org\/2000\/svg\"><path d=\"M504 256C504 119 393 8 256 8S8 119 8 256c0 123.78 90.69 226.38 209.25 245V327.69h-63V256h63v-54.64c0-62.15 37-96.48 93.67-96.48 27.14 0 55.52 4.84 55.52 4.84v61h-31.28c-30.8 0-40.41 19.12-40.41 38.73V256h68.78l-11 71.69h-57.78V501C413.31 482.38 504 379.78 504 256z\"><\/path><\/svg>\t\t\t\t\t<\/a>\n\t\t\t\t<\/span>\n\t\t\t\t\t\t\t<span class=\"elementor-grid-item\" role=\"listitem\">\n\t\t\t\t\t<a class=\"elementor-icon elementor-social-icon elementor-social-icon-twitter elementor-repeater-item-3bf96be\" href=\"https:\/\/x.com\/15eflac\" target=\"_blank\">\n\t\t\t\t\t\t<span class=\"elementor-screen-only\">Twitter<\/span>\n\t\t\t\t\t\t<svg aria-hidden=\"true\" class=\"e-font-icon-svg e-fab-twitter\" viewBox=\"0 0 512 512\" xmlns=\"http:\/\/www.w3.org\/2000\/svg\"><path d=\"M459.37 151.716c.325 4.548.325 9.097.325 13.645 0 138.72-105.583 298.558-298.558 298.558-59.452 0-114.68-17.219-161.137-47.106 8.447.974 16.568 1.299 25.34 1.299 49.055 0 94.213-16.568 130.274-44.832-46.132-.975-84.792-31.188-98.112-72.772 6.498.974 12.995 1.624 19.818 1.624 9.421 0 18.843-1.3 27.614-3.573-48.081-9.747-84.143-51.98-84.143-102.985v-1.299c13.969 7.797 30.214 12.67 47.431 13.319-28.264-18.843-46.781-51.005-46.781-87.391 0-19.492 5.197-37.36 14.294-52.954 51.655 63.675 129.3 105.258 216.365 109.807-1.624-7.797-2.599-15.918-2.599-24.04 0-57.828 46.782-104.934 104.934-104.934 30.213 0 57.502 12.67 76.67 33.137 23.715-4.548 46.456-13.32 66.599-25.34-7.798 24.366-24.366 44.833-46.132 57.827 21.117-2.273 41.584-8.122 60.426-16.243-14.292 20.791-32.161 39.308-52.628 54.253z\"><\/path><\/svg>\t\t\t\t\t<\/a>\n\t\t\t\t<\/span>\n\t\t\t\t\t\t\t<span class=\"elementor-grid-item\" role=\"listitem\">\n\t\t\t\t\t<a class=\"elementor-icon elementor-social-icon elementor-social-icon-instagram elementor-repeater-item-ce539a5\" href=\"https:\/\/www.instagram.com\/15eflac\/?hl=es\" target=\"_blank\">\n\t\t\t\t\t\t<span class=\"elementor-screen-only\">Instagram<\/span>\n\t\t\t\t\t\t<svg aria-hidden=\"true\" class=\"e-font-icon-svg e-fab-instagram\" viewBox=\"0 0 448 512\" xmlns=\"http:\/\/www.w3.org\/2000\/svg\"><path d=\"M224.1 141c-63.6 0-114.9 51.3-114.9 114.9s51.3 114.9 114.9 114.9S339 319.5 339 255.9 287.7 141 224.1 141zm0 189.6c-41.1 0-74.7-33.5-74.7-74.7s33.5-74.7 74.7-74.7 74.7 33.5 74.7 74.7-33.6 74.7-74.7 74.7zm146.4-194.3c0 14.9-12 26.8-26.8 26.8-14.9 0-26.8-12-26.8-26.8s12-26.8 26.8-26.8 26.8 12 26.8 26.8zm76.1 27.2c-1.7-35.9-9.9-67.7-36.2-93.9-26.2-26.2-58-34.4-93.9-36.2-37-2.1-147.9-2.1-184.9 0-35.8 1.7-67.6 9.9-93.9 36.1s-34.4 58-36.2 93.9c-2.1 37-2.1 147.9 0 184.9 1.7 35.9 9.9 67.7 36.2 93.9s58 34.4 93.9 36.2c37 2.1 147.9 2.1 184.9 0 35.9-1.7 67.7-9.9 93.9-36.2 26.2-26.2 34.4-58 36.2-93.9 2.1-37 2.1-147.8 0-184.8zM398.8 388c-7.8 19.6-22.9 34.7-42.6 42.6-29.5 11.7-99.5 9-132.1 9s-102.7 2.6-132.1-9c-19.6-7.8-34.7-22.9-42.6-42.6-11.7-29.5-9-99.5-9-132.1s-2.6-102.7 9-132.1c7.8-19.6 22.9-34.7 42.6-42.6 29.5-11.7 99.5-9 132.1-9s102.7-2.6 132.1 9c19.6 7.8 34.7 22.9 42.6 42.6 11.7 29.5 9 99.5 9 132.1s2.7 102.7-9 132.1z\"><\/path><\/svg>\t\t\t\t\t<\/a>\n\t\t\t\t<\/span>\n\t\t\t\t\t<\/div>\n\t\t\t\t\t\t<\/div>\n\t\t\t\t<div class=\"elementor-element elementor-element-a0d473c elementor-widget elementor-widget-heading\" data-id=\"a0d473c\" data-element_type=\"widget\" data-e-type=\"widget\" data-widget_type=\"heading.default\">\n\t\t\t\t\t<h2 class=\"elementor-heading-title elementor-size-default\">\u00a9 15 EFLAC. Todos los Derechos Reservados.<\/h2>\t\t\t\t<\/div>\n\t\t\t\t<\/div>\n\t\t\t\t\t<\/div>\n\t\t\t\t<\/div>\n\t\t\t\t<\/div>\n\t\t","protected":false},"excerpt":{"rendered":"<p>\u00a1Declaratoria del15 EFLAC El Salvador 2023! XV Encuentro Feminista de Latinoam\u00e9rica y el Caribe (15 EFLAC) Leer Declaratoria Actividades Autoconvocadas Provocaciones Tem\u00e1ticas Declaratoria del 15 Encuentro Feminista Latinoamericano y del Caribe (EFLAC) Ante la crisis del tejido de la vida: \u00a1unidas, unides, resistiendo y avanzando! Dispon\u00edvel em portugues Available in english El Salvador, 24 de [&hellip;]<\/p>\n","protected":false},"author":1,"featured_media":0,"parent":0,"menu_order":0,"comment_status":"closed","ping_status":"closed","template":"elementor_header_footer","meta":{"footnotes":""},"class_list":["post-8","page","type-page","status-publish","hentry"],"_links":{"self":[{"href":"https:\/\/eflac.lat\/index.php?rest_route=\/wp\/v2\/pages\/8","targetHints":{"allow":["GET"]}}],"collection":[{"href":"https:\/\/eflac.lat\/index.php?rest_route=\/wp\/v2\/pages"}],"about":[{"href":"https:\/\/eflac.lat\/index.php?rest_route=\/wp\/v2\/types\/page"}],"author":[{"embeddable":true,"href":"https:\/\/eflac.lat\/index.php?rest_route=\/wp\/v2\/users\/1"}],"replies":[{"embeddable":true,"href":"https:\/\/eflac.lat\/index.php?rest_route=%2Fwp%2Fv2%2Fcomments&post=8"}],"version-history":[{"count":49,"href":"https:\/\/eflac.lat\/index.php?rest_route=\/wp\/v2\/pages\/8\/revisions"}],"predecessor-version":[{"id":71,"href":"https:\/\/eflac.lat\/index.php?rest_route=\/wp\/v2\/pages\/8\/revisions\/71"}],"wp:attachment":[{"href":"https:\/\/eflac.lat\/index.php?rest_route=%2Fwp%2Fv2%2Fmedia&parent=8"}],"curies":[{"name":"wp","href":"https:\/\/api.w.org\/{rel}","templated":true}]}}